{"id":22,"date":"2021-05-04T19:45:09","date_gmt":"2021-05-04T16:45:09","guid":{"rendered":"https:\/\/ba-casino-online.com\/?page_id=22"},"modified":"2021-05-17T13:11:24","modified_gmt":"2021-05-17T10:11:24","slug":"betamo","status":"publish","type":"page","link":"https:\/\/ba-casino-online.com\/de\/","title":{"rendered":"Betamo ist ein beliebtes Online-Casino"},"content":{"rendered":"<p>Betamo Casino ist derzeit unter den am meisten empfohlenen Online-Casinos f\u00fcr alte und neue Spieler. Der Gl\u00fccksspiel-Club erschien im Jahr 2019 und ist von Curacao lizenziert. Benutzer \u00fcber 18 Jahre alt haben Zugang zur Registrierung und zum Spielen um Geld.<\/p>\n\n\n\n<p>Was das Gameplay betrifft, hat es fast alles, was ein Spieler von einem Online-Casino erwarten w\u00fcrde, was eine breite Palette von verschiedenen Spielen beinhaltet. Betamo Casino verspricht, dass Benutzer ein au\u00dfergew\u00f6hnliches Spielerlebnis in allen Genres des Gl\u00fccksspiels haben k\u00f6nnen. Zus\u00e4tzlich zu den \u00fcblichen Slots bietet der Gaming Club auch eine Online-Plattform f\u00fcr Poker- und Blackjack-Spiele. Das hei\u00dft, Sie k\u00f6nnen Ihre Lieblings-Video- oder Tischspiele auch von zu Hause aus spielen.<\/p>\n\n\n\n<div class=\"wp-block-image\"><figure class=\"aligncenter size-large\"><img loading=\"lazy\" width=\"1024\" height=\"481\" src=\"https:\/\/ba-casino-online.com\/wp-content\/uploads\/2021\/05\/betamo-site-1024x481.png\" alt=\"Betamo Casino Bewertung\" class=\"wp-image-13\" srcset=\"https:\/\/ba-casino-online.com\/wp-content\/uploads\/2021\/05\/betamo-site-1024x481.png 1024w, https:\/\/ba-casino-online.com\/wp-content\/uploads\/2021\/05\/betamo-site-300x141.png 300w, https:\/\/ba-casino-online.com\/wp-content\/uploads\/2021\/05\/betamo-site-768x361.png 768w, https:\/\/ba-casino-online.com\/wp-content\/uploads\/2021\/05\/betamo-site-1200x563.png 1200w, https:\/\/ba-casino-online.com\/wp-content\/uploads\/2021\/05\/betamo-site.png 1346w\" sizes=\"(max-width: 1024px) 100vw, 1024px\" \/><figcaption>Betamo Casino Bewertung<\/figcaption><\/figure><\/div>\n\n\n\n<p>Bei Betamo Casino sind alle Transaktionen schnell und sicher. Der gesamte Zahlungsprozess wird durch Bank\u00fcberweisungen durchgef\u00fchrt und in den meisten F\u00e4llen verwenden die Spieler ihre Kreditkarten f\u00fcr diese Bargeldtransaktionen. In den Poker- und Blackjack-R\u00e4umen k\u00f6nnen die Spieler gegen andere Spieler und Experten aus der ganzen Welt spielen.&nbsp;<\/p>\n\n\n\n<p>Eine weitere wichtige Sache, die Sie \u00fcber Betamo wissen m\u00fcssen, ist, dass diese Website kostenlose Demo-Spiele anbietet, die f\u00fcr Neulinge n\u00fctzlich sein werden. W\u00e4hrend dieser kostenlosen Betamo-Sitzungen k\u00f6nnen die Spieler um virtuelles Geld spielen. Dies ist eine gro\u00dfartige Gelegenheit, die Slots von Betamo auszuprobieren und einige Spiele zu spielen, um sich mit deren Leistung vertraut zu machen.<\/p>\n\n\n\n<figure class=\"wp-block-table aligncenter\"><table><tbody><tr><td>Jahr<\/td><td>2019<\/td><\/tr><tr><td>Spiele<\/td><td>Slots, Kartenspiele, Live-Casino<\/td><\/tr><tr><td>Zahlungen<\/td><td>Visa, Mastercard, Maestro, Yandex, Neteller, Skrill<\/td><\/tr><tr><td>Sprachen der Website<\/td><td>RUS, ENG, POL, GER, FIN, NOR, CAN, NZ<\/td><\/tr><tr><td>Anmeldebonus<\/td><td>100% \u0434\u043e \u20ac\/$300 + 150 FS<\/td><\/tr><\/tbody><\/table><\/figure>\n\n\n\n<h2><strong>Betamo No Deposit Bonus und Anmeldegeschenke<\/strong><\/h2>\n\n\n\n<p>Neue Spieler k\u00f6nnen bei Betamo auch von den Bonusangeboten ohne Einzahlung profitieren, die f\u00fcr VIP-Mitglieder angeboten werden. Wenn Sie sich qualifizieren, wird Ihnen eine Gratiswette angeboten. VIP-Mitglieder sind auch f\u00fcr spezielle Angebote berechtigt. Ein aktueller Testbericht von Betamo zeigt, dass der Bonus ohne Einzahlung regelm\u00e4\u00dfig von Wettfreunden genutzt wird, um ihre Gewinne zu maximieren.<\/p>\n\n\n\n<p>Spieler bei Betamo sollten auf eine Reihe von Features achten. Eines davon ist der gro\u00dfz\u00fcgige Willkommensbonus. Wie Sie vielleicht wissen, gibt es Betamo schon seit einiger Zeit und ist jetzt eines der f\u00fchrenden Online-Casinos. Ihr gro\u00dfz\u00fcgiger Willkommensbonus auf die erste Einzahlung umfasst 100% bis zu \u20ac\/$150 + 100 Freespins, f\u00fcr Kunden, die sich bei Betamo registrieren. Die zweite Einzahlung ist 100% bis zu \u20ac\/$150 + 50 Freespins.&nbsp;<\/p>\n\n\n\n<p>Wenn Sie Betamo ausprobieren, werden Sie \u00fcberrascht sein, wie viele Werbegeschenke Sie bekommen werden. Das liegt daran, dass das Unternehmen eine Reihe von Boni anbietet, darunter einen Promo-Code f\u00fcr einen Bonus ohne Einzahlung. Wenn Sie daran interessiert sind, Betamo zu nutzen, erhalten Sie den Bonuscode am besten, indem Sie sich f\u00fcr den Newsletter anmelden. Der gro\u00dfz\u00fcgige Willkommensbonus macht Betamo zu einem der besten Casino-Angebote.<\/p>\n\n\n\n<h2><strong>Betamo Casino zu spielen<\/strong><\/h2>\n\n\n\n<p>Eine der besten M\u00f6glichkeiten, im Betamo Casino Spa\u00df zu haben, ist es, echte Einzahlungen auf die beliebtesten Spiele zu machen und zu hoffen, dass Sie gro\u00df gewinnen. Das Spielen im Betamo Casino bietet viele aufregende M\u00f6glichkeiten. Egal, ob Sie auf Slots oder Roulette setzen, Sie werden bei Ihrem n\u00e4chsten Besuch in Ihrem Lieblings-Virtual-Casino mit Sicherheit eine tolle Zeit haben.<\/p>\n\n\n\n<div class=\"wp-block-image\"><figure class=\"aligncenter size-large\"><img loading=\"lazy\" width=\"1024\" height=\"433\" src=\"https:\/\/ba-casino-online.com\/wp-content\/uploads\/2021\/05\/betamo-menu-1024x433.png\" alt=\"Betamos Spielmen\u00fc\" class=\"wp-image-11\" srcset=\"https:\/\/ba-casino-online.com\/wp-content\/uploads\/2021\/05\/betamo-menu-1024x433.png 1024w, https:\/\/ba-casino-online.com\/wp-content\/uploads\/2021\/05\/betamo-menu-300x127.png 300w, https:\/\/ba-casino-online.com\/wp-content\/uploads\/2021\/05\/betamo-menu-768x324.png 768w, https:\/\/ba-casino-online.com\/wp-content\/uploads\/2021\/05\/betamo-menu.png 1155w\" sizes=\"(max-width: 1024px) 100vw, 1024px\" \/><figcaption>Betamos Spielmen\u00fc<\/figcaption><\/figure><\/div>\n\n\n\n<p>Beliebte Bereiche des Betamo-Spielmen\u00fcs:<\/p>\n\n\n\n<ul><li>oben<\/li><li>neu<\/li><li>Bonuskauf<\/li><li>Live-Kasino<\/li><li>Jackpot<\/li><li>roulette<\/li><li>Blackjack<\/li><li>kratzen<\/li><\/ul>\n\n\n\n<p>Betamo garantiert einen erstklassigen Kundenservice und bietet Promotionen und Anreize f\u00fcr Spieler, die immer wieder ins Casino zur\u00fcckkehren. Wie einer der lizenzierten Software-Anbieter es ausdr\u00fcckt:&nbsp;<\/p>\n\n\n\n<blockquote class=\"wp-block-quote\"><p>\"Wir wollen unseren Spielern das bestm\u00f6gliche Wetten-Erlebnis bieten. Das bedeutet, dass wir 24 Stunden am Tag, sieben Tage die Woche f\u00fcr unsere Tarife zur Verf\u00fcgung stehen werden. Wir wollen eine Partnerschaft mit Online-Casino-Kunden\"<\/p><\/blockquote>\n\n\n\n<p>Betamo ist ein Unternehmen, das sich aus Software der weltweit f\u00fchrenden Anbieter zusammensetzt, die sich darauf geeinigt haben, zusammenzuarbeiten, um den Spielern das qualitativ hochwertigste Online-Casino-Gl\u00fccksspielerlebnis zu bieten. Diese positiven Bem\u00fchungen haben dazu gef\u00fchrt, dass das Unternehmen zu einem der f\u00fchrenden Casinos der Welt geworden ist.<\/p>\n\n\n\n<h2><strong>Kundenbetreuung<\/strong><\/h2>\n\n\n\n<p>Die Live-Chat-Option auf der Website ist rund um die Uhr verf\u00fcgbar, was eine gro\u00dfartige Nachricht f\u00fcr alle Spieler ist, die zwischen Zeitzonen reisen und das Spielen unterwegs genie\u00dfen k\u00f6nnen. Es gibt auch eine E-Mail-Unterst\u00fctzung zur Verf\u00fcgung. Ein Abschnitt mit h\u00e4ufig gestellten Fragen ist ebenfalls verf\u00fcgbar, wo Sie Antworten auf die beliebtesten Fragen von anderen Spielern finden k\u00f6nnen.&nbsp;<\/p>\n\n\n\n<p>Wenn Sie Probleme mit dem Casino in Bezug auf Zahlungen, Boni, Grenzen des verantwortungsvollen Spiels usw. haben, wenden Sie sich bitte an das Support-Team auf der Website. Um einen Vertreter f\u00fcr alternative Streitbeilegung zu kontaktieren und eine Beschwerde einzureichen, folgen Sie diesem Link.<\/p>\n\n\n\n<div class=\"wp-block-image\"><figure class=\"aligncenter size-large\"><img loading=\"lazy\" width=\"1024\" height=\"469\" src=\"https:\/\/ba-casino-online.com\/wp-content\/uploads\/2021\/05\/betamo-games-1024x469.png\" alt=\"Unterst\u00fctzung\" class=\"wp-image-10\" srcset=\"https:\/\/ba-casino-online.com\/wp-content\/uploads\/2021\/05\/betamo-games-1024x469.png 1024w, https:\/\/ba-casino-online.com\/wp-content\/uploads\/2021\/05\/betamo-games-300x137.png 300w, https:\/\/ba-casino-online.com\/wp-content\/uploads\/2021\/05\/betamo-games-768x351.png 768w, https:\/\/ba-casino-online.com\/wp-content\/uploads\/2021\/05\/betamo-games-1200x549.png 1200w, https:\/\/ba-casino-online.com\/wp-content\/uploads\/2021\/05\/betamo-games.png 1344w\" sizes=\"(max-width: 1024px) 100vw, 1024px\" \/><figcaption>Unterst\u00fctzung<\/figcaption><\/figure><\/div>","protected":false},"excerpt":{"rendered":"<p>Betamo Casino ist derzeit unter den am meisten empfohlenen Online-Casinos f\u00fcr alte und neue Spieler. Der Gl\u00fccksspiel-Club erschien im Jahr 2019 und ist von Curacao lizenziert. Benutzer \u00fcber 18 Jahre alt haben Zugang zur Registrierung und spielen um Geld. Was das Gameplay betrifft, hat es fast alles, was ein Spieler von einem Online-Casino erwarten w\u00fcrde ... <\/p>\n<p class=\"read-more-container\"><a title=\"Betamo ist ein beliebtes Online-Casino\" class=\"read-more button\" href=\"https:\/\/ba-casino-online.com\/de\/#more-22\">Weiterlesen ...<span class=\"screen-reader-text\">Betamo ist ein beliebtes Online-Casino<\/span><\/a><\/p>","protected":false},"author":1,"featured_media":0,"parent":0,"menu_order":0,"comment_status":"closed","ping_status":"closed","template":"","meta":[],"_links":{"self":[{"href":"https:\/\/ba-casino-online.com\/de\/wp-json\/wp\/v2\/pages\/22"}],"collection":[{"href":"https:\/\/ba-casino-online.com\/de\/wp-json\/wp\/v2\/pages"}],"about":[{"href":"https:\/\/ba-casino-online.com\/de\/wp-json\/wp\/v2\/types\/page"}],"author":[{"embeddable":true,"href":"https:\/\/ba-casino-online.com\/de\/wp-json\/wp\/v2\/users\/1"}],"replies":[{"embeddable":true,"href":"https:\/\/ba-casino-online.com\/de\/wp-json\/wp\/v2\/comments?post=22"}],"version-history":[{"count":4,"href":"https:\/\/ba-casino-online.com\/de\/wp-json\/wp\/v2\/pages\/22\/revisions"}],"predecessor-version":[{"id":109,"href":"https:\/\/ba-casino-online.com\/de\/wp-json\/wp\/v2\/pages\/22\/revisions\/109"}],"wp:attachment":[{"href":"https:\/\/ba-casino-online.com\/de\/wp-json\/wp\/v2\/media?parent=22"}],"curies":[{"name":"wp","href":"https:\/\/api.w.org\/{rel}","templated":true}]}}