{"id":22,"date":"2021-05-04T19:45:09","date_gmt":"2021-05-04T16:45:09","guid":{"rendered":"https:\/\/ba-casino-online.com\/?page_id=22"},"modified":"2021-05-17T13:11:24","modified_gmt":"2021-05-17T10:11:24","slug":"betamo","status":"publish","type":"page","link":"https:\/\/ba-casino-online.com\/pl\/","title":{"rendered":"Betamo to popularne kasyno online"},"content":{"rendered":"<p>Betamo Casino jest obecnie w czo\u0142\u00f3wce najbardziej polecanych kasyn online zar\u00f3wno dla starych, jak i nowych graczy. Klub hazardowy pojawi\u0142 si\u0119 w 2019 roku i jest licencjonowany przez Curacao. U\u017cytkownicy powy\u017cej 18 roku \u017cycia maj\u0105 dost\u0119p do rejestracji i gry na pieni\u0105dze.<\/p>\n\n\n\n<p>Je\u015bli chodzi o rozgrywk\u0119, ma ona prawie wszystko, czego gracz m\u00f3g\u0142by oczekiwa\u0107 od kasyna online, co obejmuje szerok\u0105 gam\u0119 r\u00f3\u017cnych gier. Betamo Casino obiecuje, \u017ce u\u017cytkownicy mog\u0105 mie\u0107 wyj\u0105tkowe wra\u017cenia z gry we wszystkich gatunkach gier hazardowych. Opr\u00f3cz zwyk\u0142ych slot\u00f3w, klub gier oferuje r\u00f3wnie\u017c platform\u0119 online do gry w pokera i blackjacka. Oznacza to, \u017ce mo\u017cesz r\u00f3wnie\u017c gra\u0107 w swoje ulubione gry wideo lub sto\u0142owe z domu.<\/p>\n\n\n\n<div class=\"wp-block-image\"><figure class=\"aligncenter size-large\"><img loading=\"lazy\" width=\"1024\" height=\"481\" src=\"https:\/\/ba-casino-online.com\/wp-content\/uploads\/2021\/05\/betamo-site-1024x481.png\" alt=\"Recenzja kasyna Betamo\" class=\"wp-image-13\" srcset=\"https:\/\/ba-casino-online.com\/wp-content\/uploads\/2021\/05\/betamo-site-1024x481.png 1024w, https:\/\/ba-casino-online.com\/wp-content\/uploads\/2021\/05\/betamo-site-300x141.png 300w, https:\/\/ba-casino-online.com\/wp-content\/uploads\/2021\/05\/betamo-site-768x361.png 768w, https:\/\/ba-casino-online.com\/wp-content\/uploads\/2021\/05\/betamo-site-1200x563.png 1200w, https:\/\/ba-casino-online.com\/wp-content\/uploads\/2021\/05\/betamo-site.png 1346w\" sizes=\"(max-width: 1024px) 100vw, 1024px\" \/><figcaption>Recenzja kasyna Betamo<\/figcaption><\/figure><\/div>\n\n\n\n<p>W kasynie Betamo wszystkie transakcje s\u0105 szybkie i bezpieczne. Ca\u0142y proces p\u0142atno\u015bci odbywa si\u0119 za po\u015brednictwem przelew\u00f3w bankowych i w wi\u0119kszo\u015bci przypadk\u00f3w gracze u\u017cywaj\u0105 swoich kart kredytowych do tych transakcji got\u00f3wkowych. W pokojach pokerowych i blackjack, gracze mog\u0105 gra\u0107 przeciwko innym graczom i ekspertom z ca\u0142ego \u015bwiata.&nbsp;<\/p>\n\n\n\n<p>Kolejn\u0105 wa\u017cn\u0105 rzecz\u0105, kt\u00f3r\u0105 musisz wiedzie\u0107 o Betamo jest to, \u017ce ta strona oferuje darmowe gry demo, kt\u00f3re b\u0119d\u0105 przydatne dla nowicjuszy. Podczas tych darmowych sesji Betamo, gracze mog\u0105 gra\u0107 za wirtualne pieni\u0105dze. Jest to \u015bwietna okazja, aby wypr\u00f3bowa\u0107 sloty Betamo i zagra\u0107 w kilka gier, aby zapozna\u0107 si\u0119 z ich dzia\u0142aniem.<\/p>\n\n\n\n<figure class=\"wp-block-table aligncenter\"><table><tbody><tr><td>Rok<\/td><td>2019<\/td><\/tr><tr><td>Gry<\/td><td>sloty, gry karciane, kasyno na \u017cywo<\/td><\/tr><tr><td>P\u0142atno\u015bci<\/td><td>Visa, Mastercard, Maestro, Yandex, Neteller, Skrill<\/td><\/tr><tr><td>J\u0119zyki strony<\/td><td>RUS, ENG, POL, GER, FIN, NOR, CAN, NZ<\/td><\/tr><tr><td>Bonus za rejestracj\u0119<\/td><td>100% \u0434\u043e \u20ac\/$300 + 150 FS<\/td><\/tr><\/tbody><\/table><\/figure>\n\n\n\n<h2><strong>Betamo Bonus bez depozytu i prezenty za rejestracj\u0119<\/strong><\/h2>\n\n\n\n<p>Nowi gracze w Betamo mog\u0105 r\u00f3wnie\u017c skorzysta\u0107 z ofert bonus\u00f3w bez depozytu oferowanych dla cz\u0142onk\u00f3w VIP. Je\u015bli si\u0119 zakwalifikujesz, otrzymasz darmowy zak\u0142ad. Cz\u0142onkowie VIP s\u0105 r\u00f3wnie\u017c uprawnieni do korzystania z ofert specjalnych. Ostatni przegl\u0105d Betamo pokazuje, \u017ce bonus bez depozytu jest regularnie wykorzystywany przez graczy w celu maksymalizacji zysk\u00f3w.<\/p>\n\n\n\n<p>Gracze w Betamo powinni zwr\u00f3ci\u0107 uwag\u0119 na kilka funkcji. Jedn\u0105 z nich jest hojny bonus powitalny. Jak by\u0107 mo\u017ce wiesz, Betamo istnieje ju\u017c od jakiego\u015b czasu i jest obecnie jednym z wiod\u0105cych kasyn online. Ich hojny bonus powitalny przy pierwszym depozycie obejmuje 100% do \u20ac\/$150 + 100 freespin\u00f3w, dla klient\u00f3w, kt\u00f3rzy zarejestruj\u0105 si\u0119 w Betamo. Drugi depozyt to 100% do \u20ac\/$150 + 50 freespin\u00f3w.&nbsp;<\/p>\n\n\n\n<p>Kiedy wypr\u00f3bujesz Betamo, b\u0119dziesz zaskoczony tym, jak wiele nagr\u00f3d otrzymasz. To dlatego, \u017ce firma oferuje wiele bonus\u00f3w, w tym kod promocyjny na bonus bez depozytu. Je\u015bli jeste\u015b zainteresowany korzystaniem z Betamo, najlepiej zdoby\u0107 kod promocyjny zapisuj\u0105c si\u0119 do newslettera. Hojny bonus powitalny sprawia, \u017ce Betamo jest jedn\u0105 z najlepszych ofert kasyn.<\/p>\n\n\n\n<h2><strong>Kasyno Betamo do gry<\/strong><\/h2>\n\n\n\n<p>Jednym z najlepszych sposob\u00f3w na dobr\u0105 zabaw\u0119 w kasynie Betamo jest sk\u0142adanie prawdziwych depozyt\u00f3w w najpopularniejszych grach i liczenie na du\u017ce wygrane. Gry w kasynie Betamo oferuj\u0105 wiele ekscytuj\u0105cych mo\u017cliwo\u015bci, wi\u0119c niezale\u017cnie od tego, czy obstawiasz automaty do gry, czy ruletk\u0119, na pewno b\u0119dziesz si\u0119 \u015bwietnie bawi\u0107 podczas nast\u0119pnej wizyty w ulubionym wirtualnym kasynie.<\/p>\n\n\n\n<div class=\"wp-block-image\"><figure class=\"aligncenter size-large\"><img loading=\"lazy\" width=\"1024\" height=\"433\" src=\"https:\/\/ba-casino-online.com\/wp-content\/uploads\/2021\/05\/betamo-menu-1024x433.png\" alt=\"Menu gier Betamo\" class=\"wp-image-11\" srcset=\"https:\/\/ba-casino-online.com\/wp-content\/uploads\/2021\/05\/betamo-menu-1024x433.png 1024w, https:\/\/ba-casino-online.com\/wp-content\/uploads\/2021\/05\/betamo-menu-300x127.png 300w, https:\/\/ba-casino-online.com\/wp-content\/uploads\/2021\/05\/betamo-menu-768x324.png 768w, https:\/\/ba-casino-online.com\/wp-content\/uploads\/2021\/05\/betamo-menu.png 1155w\" sizes=\"(max-width: 1024px) 100vw, 1024px\" \/><figcaption>Menu gier Betamo<\/figcaption><\/figure><\/div>\n\n\n\n<p>Popularne sekcje w menu gier Betamo:<\/p>\n\n\n\n<ul><li>g\u00f3ra<\/li><li>nowy<\/li><li>dodatkowy zakup<\/li><li>kasyno na \u017cywo<\/li><li>jackpot<\/li><li>ruletka<\/li><li>blackjack<\/li><li>zarysowania<\/li><\/ul>\n\n\n\n<p>Betamo gwarantuje obs\u0142ug\u0119 klienta na najwy\u017cszym poziomie i oferuje promocje i zach\u0119ty dla graczy, aby wci\u0105\u017c wracali do kasyna. Jak to uj\u0105\u0142 jeden z licencjonowanych dostawc\u00f3w oprogramowania:&nbsp;<\/p>\n\n\n\n<blockquote class=\"wp-block-quote\"><p>\"Chcemy zapewni\u0107 naszym graczom najlepsze mo\u017cliwe do\u015bwiadczenia zwi\u0105zane z zak\u0142adami. Oznacza to, \u017ce b\u0119dziemy dost\u0119pni dla naszych stawek 24 godziny na dob\u0119, siedem dni w tygodniu. Chcemy by\u0107 partnerem dla klient\u00f3w kasyn online\"<\/p><\/blockquote>\n\n\n\n<p>Betamo jest firm\u0105 sk\u0142adaj\u0105c\u0105 si\u0119 z oprogramowania od wiod\u0105cych \u015bwiatowych dostawc\u00f3w, kt\u00f3rzy zgodzili si\u0119 wsp\u00f3\u0142pracowa\u0107, aby zaoferowa\u0107 graczom najwy\u017cszej jako\u015bci do\u015bwiadczenia hazardowe w kasynie online. Te pozytywne wysi\u0142ki doprowadzi\u0142y do tego, \u017ce firma sta\u0142a si\u0119 jednym z wiod\u0105cych kasyn na \u015bwiecie.<\/p>\n\n\n\n<h2><strong>Obs\u0142uga klienta<\/strong><\/h2>\n\n\n\n<p>Opcja Live Chat na stronie jest dost\u0119pna 24\/7, co jest \u015bwietn\u0105 wiadomo\u015bci\u0105 dla wszystkich graczy, kt\u00f3rzy podr\u00f3\u017cuj\u0105 mi\u0119dzy strefami czasowymi i lubi\u0105 gra\u0107 w podr\u00f3\u017cy. Dost\u0119pna jest r\u00f3wnie\u017c pomoc mailowa. Dost\u0119pna jest r\u00f3wnie\u017c sekcja cz\u0119sto zadawanych pyta\u0144, gdzie mo\u017cna znale\u017a\u0107 odpowiedzi na najbardziej popularne pytania innych graczy.&nbsp;<\/p>\n\n\n\n<p>Je\u015bli masz jakiekolwiek problemy z kasynem dotycz\u0105ce p\u0142atno\u015bci, bonus\u00f3w, limit\u00f3w polityki odpowiedzialnej gry itp. skontaktuj si\u0119 z zespo\u0142em wsparcia na stronie. Aby skontaktowa\u0107 si\u0119 z przedstawicielem alternatywnego systemu rozstrzygania spor\u00f3w i z\u0142o\u017cy\u0107 skarg\u0119, skorzystaj z tego linku.<\/p>\n\n\n\n<div class=\"wp-block-image\"><figure class=\"aligncenter size-large\"><img loading=\"lazy\" width=\"1024\" height=\"469\" src=\"https:\/\/ba-casino-online.com\/wp-content\/uploads\/2021\/05\/betamo-games-1024x469.png\" alt=\"Wsparcie\" class=\"wp-image-10\" srcset=\"https:\/\/ba-casino-online.com\/wp-content\/uploads\/2021\/05\/betamo-games-1024x469.png 1024w, https:\/\/ba-casino-online.com\/wp-content\/uploads\/2021\/05\/betamo-games-300x137.png 300w, https:\/\/ba-casino-online.com\/wp-content\/uploads\/2021\/05\/betamo-games-768x351.png 768w, https:\/\/ba-casino-online.com\/wp-content\/uploads\/2021\/05\/betamo-games-1200x549.png 1200w, https:\/\/ba-casino-online.com\/wp-content\/uploads\/2021\/05\/betamo-games.png 1344w\" sizes=\"(max-width: 1024px) 100vw, 1024px\" \/><figcaption>Wsparcie<\/figcaption><\/figure><\/div>","protected":false},"excerpt":{"rendered":"<p>Betamo Casino jest obecnie w czo\u0142\u00f3wce najbardziej polecanych kasyn online zar\u00f3wno dla starych, jak i nowych graczy. Klub hazardowy pojawi\u0142 si\u0119 w 2019 roku i jest licencjonowany przez Curacao. U\u017cytkownicy, kt\u00f3rzy uko\u0144czyli 18 lat, maj\u0105 dost\u0119p do rejestracji i gry na pieni\u0105dze. Je\u015bli chodzi o rozgrywk\u0119, ma ona niemal wszystko, czego gracz m\u00f3g\u0142by oczekiwa\u0107 od kasyna online ... <\/p>\n<p class=\"read-more-container\"><a title=\"Betamo to popularne kasyno online\" class=\"read-more button\" href=\"https:\/\/ba-casino-online.com\/pl\/#more-22\">Czytaj dalej<span class=\"screen-reader-text\">Betamo to popularne kasyno online<\/span><\/a><\/p>","protected":false},"author":1,"featured_media":0,"parent":0,"menu_order":0,"comment_status":"closed","ping_status":"closed","template":"","meta":[],"_links":{"self":[{"href":"https:\/\/ba-casino-online.com\/pl\/wp-json\/wp\/v2\/pages\/22"}],"collection":[{"href":"https:\/\/ba-casino-online.com\/pl\/wp-json\/wp\/v2\/pages"}],"about":[{"href":"https:\/\/ba-casino-online.com\/pl\/wp-json\/wp\/v2\/types\/page"}],"author":[{"embeddable":true,"href":"https:\/\/ba-casino-online.com\/pl\/wp-json\/wp\/v2\/users\/1"}],"replies":[{"embeddable":true,"href":"https:\/\/ba-casino-online.com\/pl\/wp-json\/wp\/v2\/comments?post=22"}],"version-history":[{"count":4,"href":"https:\/\/ba-casino-online.com\/pl\/wp-json\/wp\/v2\/pages\/22\/revisions"}],"predecessor-version":[{"id":109,"href":"https:\/\/ba-casino-online.com\/pl\/wp-json\/wp\/v2\/pages\/22\/revisions\/109"}],"wp:attachment":[{"href":"https:\/\/ba-casino-online.com\/pl\/wp-json\/wp\/v2\/media?parent=22"}],"curies":[{"name":"wp","href":"https:\/\/api.w.org\/{rel}","templated":true}]}}