{"id":22,"date":"2021-05-04T19:45:09","date_gmt":"2021-05-04T16:45:09","guid":{"rendered":"https:\/\/ba-casino-online.com\/?page_id=22"},"modified":"2021-05-17T13:11:24","modified_gmt":"2021-05-17T10:11:24","slug":"betamo","status":"publish","type":"page","link":"https:\/\/ba-casino-online.com\/sv\/","title":{"rendered":"Betamo \u00e4r ett popul\u00e4rt n\u00e4tcasino"},"content":{"rendered":"<p>Betamo Casino \u00e4r f\u00f6r n\u00e4rvarande ett av de mest rekommenderade n\u00e4tcasinona f\u00f6r b\u00e5de gamla och nya spelare. Spelklubben d\u00f6k upp 2019 och \u00e4r licensierad av Curacao. Anv\u00e4ndare \u00f6ver 18 \u00e5r har tillg\u00e5ng till att registrera sig och spela f\u00f6r pengar.<\/p>\n\n\n\n<p>N\u00e4r det g\u00e4ller speluppl\u00e4gget har det n\u00e4stan allt en spelare kan f\u00f6rv\u00e4nta sig av ett online casino, vilket inkluderar ett brett utbud av olika spel. Betamo Casino lovar att anv\u00e4ndarna kan f\u00e5 en exceptionell spelupplevelse inom alla spelgenrer. F\u00f6rutom de vanliga spelautomaterna erbjuder spelklubben ocks\u00e5 en onlineplattform f\u00f6r poker- och blackjackspel. Detta inneb\u00e4r att du \u00e4ven kan spela dina favorit video- eller bordsspel hemifr\u00e5n.<\/p>\n\n\n\n<div class=\"wp-block-image\"><figure class=\"aligncenter size-large\"><img loading=\"lazy\" width=\"1024\" height=\"481\" src=\"https:\/\/ba-casino-online.com\/wp-content\/uploads\/2021\/05\/betamo-site-1024x481.png\" alt=\"Betamo casino granskning\" class=\"wp-image-13\" srcset=\"https:\/\/ba-casino-online.com\/wp-content\/uploads\/2021\/05\/betamo-site-1024x481.png 1024w, https:\/\/ba-casino-online.com\/wp-content\/uploads\/2021\/05\/betamo-site-300x141.png 300w, https:\/\/ba-casino-online.com\/wp-content\/uploads\/2021\/05\/betamo-site-768x361.png 768w, https:\/\/ba-casino-online.com\/wp-content\/uploads\/2021\/05\/betamo-site-1200x563.png 1200w, https:\/\/ba-casino-online.com\/wp-content\/uploads\/2021\/05\/betamo-site.png 1346w\" sizes=\"(max-width: 1024px) 100vw, 1024px\" \/><figcaption>Betamo casino granskning<\/figcaption><\/figure><\/div>\n\n\n\n<p>P\u00e5 Betamo Casino \u00e4r alla transaktioner snabba och s\u00e4kra. Hela betalningsprocessen sker genom bank\u00f6verf\u00f6ringar och i de flesta fall anv\u00e4nder spelarna sina kreditkort f\u00f6r dessa kontanttransaktioner. I poker- och blackjackrummen kan spelarna spela mot andra spelare och experter fr\u00e5n hela v\u00e4rlden.&nbsp;<\/p>\n\n\n\n<p>En annan viktig sak du beh\u00f6ver veta om Betamo \u00e4r att webbplatsen erbjuder gratis demospel som \u00e4r anv\u00e4ndbara f\u00f6r nyb\u00f6rjare. Under dessa gratis Betamo-sessioner kan spelarna spela f\u00f6r virtuella pengar. Detta \u00e4r ett utm\u00e4rkt tillf\u00e4lle att prova Betamos slots och spela n\u00e5gra spel f\u00f6r att bekanta sig med deras prestanda.<\/p>\n\n\n\n<figure class=\"wp-block-table aligncenter\"><table><tbody><tr><td>\u00c5r<\/td><td>2019<\/td><\/tr><tr><td>Spel<\/td><td>spelautomater, kortspel, live casino<\/td><\/tr><tr><td>Betalningar<\/td><td>Visa, Mastercard, Maestro, Yandex, Neteller, Skrill<\/td><\/tr><tr><td>Spr\u00e5k p\u00e5 webbplatsen<\/td><td>RUS, ENG, POL, GER, FIN, NOR, CAN, NZ<\/td><\/tr><tr><td>Bonus vid registrering<\/td><td>100% \u0434\u043e \u20ac\/$300 + 150 FS<\/td><\/tr><\/tbody><\/table><\/figure>\n\n\n\n<h2><strong>Betamo ingen ins\u00e4ttningsbonus och g\u00e5vor vid registrering<\/strong><\/h2>\n\n\n\n<p>Nya spelare p\u00e5 Betamo kan ocks\u00e5 dra nytta av de bonusar utan ins\u00e4ttning som erbjuds VIP-medlemmar. Om du kvalificerar dig kommer du att erbjudas ett gratisspel. VIP-medlemmar \u00e4r ocks\u00e5 ber\u00e4ttigade till specialerbjudanden. En f\u00e4rsk granskning av Betamo visar att bonusen utan ins\u00e4ttning regelbundet anv\u00e4nds av bettingspelare f\u00f6r att maximera sina vinster.<\/p>\n\n\n\n<p>Spelare p\u00e5 Betamo b\u00f6r h\u00e5lla utkik efter ett antal funktioner. En av dem \u00e4r den gener\u00f6sa v\u00e4lkomstbonusen. Som du kanske vet har Betamo funnits med under en l\u00e4ngre tid och \u00e4r nu ett av de ledande n\u00e4tcasinona. Deras gener\u00f6sa v\u00e4lkomstbonus vid f\u00f6rsta ins\u00e4ttning inkluderar 100% upp till \u20ac\/$150 + 100 freespins, f\u00f6r kunder som registrerar sig hos Betamo. Den andra ins\u00e4ttningen \u00e4r 100% upp till \u20ac\/$150 + 50 freespins.&nbsp;<\/p>\n\n\n\n<p>N\u00e4r du provar Betamo kommer du att bli f\u00f6rv\u00e5nad \u00f6ver hur m\u00e5nga g\u00e5vor du f\u00e5r. Det beror p\u00e5 att f\u00f6retaget erbjuder ett antal bonusar, bland annat en promokod f\u00f6r en bonus utan ins\u00e4ttning. Om du \u00e4r intresserad av att anv\u00e4nda Betamo \u00e4r det b\u00e4st att f\u00e5 bonuskoden genom att registrera dig f\u00f6r nyhetsbrevet. Den gener\u00f6sa v\u00e4lkomstbonusen g\u00f6r Betamo till ett av de b\u00e4sta casinoerbjudandena.<\/p>\n\n\n\n<h2><strong>Betamo Casino att spela<\/strong><\/h2>\n\n\n\n<p>Ett av de b\u00e4sta s\u00e4tten att ha kul p\u00e5 Betamo Casino \u00e4r att g\u00f6ra riktiga ins\u00e4ttningar p\u00e5 de mest popul\u00e4ra spelen och hoppas att du vinner stort. Betamo casinospel erbjuder m\u00e5nga sp\u00e4nnande m\u00f6jligheter, s\u00e5 oavsett om du satsar p\u00e5 spelautomater eller roulette kommer du garanterat att ha roligt vid ditt n\u00e4sta bes\u00f6k p\u00e5 ditt virtuella favoritcasino.<\/p>\n\n\n\n<div class=\"wp-block-image\"><figure class=\"aligncenter size-large\"><img loading=\"lazy\" width=\"1024\" height=\"433\" src=\"https:\/\/ba-casino-online.com\/wp-content\/uploads\/2021\/05\/betamo-menu-1024x433.png\" alt=\"Betamo&#039;s spelmeny\" class=\"wp-image-11\" srcset=\"https:\/\/ba-casino-online.com\/wp-content\/uploads\/2021\/05\/betamo-menu-1024x433.png 1024w, https:\/\/ba-casino-online.com\/wp-content\/uploads\/2021\/05\/betamo-menu-300x127.png 300w, https:\/\/ba-casino-online.com\/wp-content\/uploads\/2021\/05\/betamo-menu-768x324.png 768w, https:\/\/ba-casino-online.com\/wp-content\/uploads\/2021\/05\/betamo-menu.png 1155w\" sizes=\"(max-width: 1024px) 100vw, 1024px\" \/><figcaption>Betamo's spelmeny<\/figcaption><\/figure><\/div>\n\n\n\n<p>Popul\u00e4ra delar av Betamos spelmeny:<\/p>\n\n\n\n<ul><li>topp<\/li><li>ny<\/li><li>bonusk\u00f6p<\/li><li>live casino<\/li><li>jackpot<\/li><li>roulette<\/li><li>blackjack<\/li><li>skrapa<\/li><\/ul>\n\n\n\n<p>Betamo garanterar f\u00f6rstklassig kundservice och erbjuder kampanjer och incitament f\u00f6r att spelarna ska komma tillbaka till kasinot. Som en av de licensierade programvaruleverant\u00f6rerna uttrycker det:&nbsp;<\/p>\n\n\n\n<blockquote class=\"wp-block-quote\"><p>\"Vi vill ge v\u00e5ra spelare den b\u00e4sta m\u00f6jliga spelupplevelsen. Detta inneb\u00e4r att vi kommer att vara tillg\u00e4ngliga f\u00f6r v\u00e5ra priser 24 timmar om dygnet, sju dagar i veckan. Vi vill samarbeta med n\u00e4tcasinokunder\"<\/p><\/blockquote>\n\n\n\n<p>Betamo \u00e4r ett f\u00f6retag som best\u00e5r av mjukvara fr\u00e5n v\u00e4rldens ledande leverant\u00f6rer som har kommit \u00f6verens om att samarbeta f\u00f6r att erbjuda spelarna den h\u00f6gsta kvaliteten p\u00e5 spelupplevelsen p\u00e5 n\u00e4tcasinot. Dessa positiva insatser har lett till att f\u00f6retaget har blivit ett av de ledande kasinona i v\u00e4rlden.<\/p>\n\n\n\n<h2><strong>Kundtj\u00e4nst<\/strong><\/h2>\n\n\n\n<p>Live Chat-alternativet p\u00e5 webbplatsen \u00e4r tillg\u00e4ngligt dygnet runt, vilket \u00e4r en bra nyhet f\u00f6r alla spelare som kan resa mellan olika tidszoner och njuta av att spela p\u00e5 spr\u00e5ng. Det finns \u00e4ven e-postsupport tillg\u00e4ngligt. En sektion med vanliga fr\u00e5gor finns ocks\u00e5 tillg\u00e4nglig, d\u00e4r du kan hitta svar p\u00e5 de mest popul\u00e4ra fr\u00e5gorna fr\u00e5n andra spelare.&nbsp;<\/p>\n\n\n\n<p>Om du har n\u00e5gra problem med kasinot n\u00e4r det g\u00e4ller betalningar, bonusar, gr\u00e4nser f\u00f6r ansvarsfullt spelande etc., v\u00e4nligen kontakta supportteamet p\u00e5 webbplatsen. Om du vill kontakta en representant f\u00f6r alternativ tvistl\u00f6sning och g\u00f6ra ett klagom\u00e5l f\u00f6ljer du den h\u00e4r l\u00e4nken.<\/p>\n\n\n\n<div class=\"wp-block-image\"><figure class=\"aligncenter size-large\"><img loading=\"lazy\" width=\"1024\" height=\"469\" src=\"https:\/\/ba-casino-online.com\/wp-content\/uploads\/2021\/05\/betamo-games-1024x469.png\" alt=\"St\u00f6d\" class=\"wp-image-10\" srcset=\"https:\/\/ba-casino-online.com\/wp-content\/uploads\/2021\/05\/betamo-games-1024x469.png 1024w, https:\/\/ba-casino-online.com\/wp-content\/uploads\/2021\/05\/betamo-games-300x137.png 300w, https:\/\/ba-casino-online.com\/wp-content\/uploads\/2021\/05\/betamo-games-768x351.png 768w, https:\/\/ba-casino-online.com\/wp-content\/uploads\/2021\/05\/betamo-games-1200x549.png 1200w, https:\/\/ba-casino-online.com\/wp-content\/uploads\/2021\/05\/betamo-games.png 1344w\" sizes=\"(max-width: 1024px) 100vw, 1024px\" \/><figcaption>St\u00f6d<\/figcaption><\/figure><\/div>","protected":false},"excerpt":{"rendered":"<p>Betamo Casino \u00e4r f\u00f6r n\u00e4rvarande ett av de mest rekommenderade n\u00e4tcasinona f\u00f6r b\u00e5de gamla och nya spelare. Spelklubben d\u00f6k upp 2019 och \u00e4r licensierad av Curacao. Anv\u00e4ndare \u00f6ver 18 \u00e5r har tillg\u00e5ng till att registrera sig och spela f\u00f6r pengar. N\u00e4r det g\u00e4ller speluppl\u00e4gget har det n\u00e4stan allt en spelare kan f\u00f6rv\u00e4nta sig av ett online .... <\/p>\n<p class=\"read-more-container\"><a title=\"Betamo \u00e4r ett popul\u00e4rt n\u00e4tcasino\" class=\"read-more button\" href=\"https:\/\/ba-casino-online.com\/sv\/#more-22\">L\u00e4s mer<span class=\"screen-reader-text\">Betamo \u00e4r ett popul\u00e4rt n\u00e4tcasino<\/span><\/a><\/p>","protected":false},"author":1,"featured_media":0,"parent":0,"menu_order":0,"comment_status":"closed","ping_status":"closed","template":"","meta":[],"_links":{"self":[{"href":"https:\/\/ba-casino-online.com\/sv\/wp-json\/wp\/v2\/pages\/22"}],"collection":[{"href":"https:\/\/ba-casino-online.com\/sv\/wp-json\/wp\/v2\/pages"}],"about":[{"href":"https:\/\/ba-casino-online.com\/sv\/wp-json\/wp\/v2\/types\/page"}],"author":[{"embeddable":true,"href":"https:\/\/ba-casino-online.com\/sv\/wp-json\/wp\/v2\/users\/1"}],"replies":[{"embeddable":true,"href":"https:\/\/ba-casino-online.com\/sv\/wp-json\/wp\/v2\/comments?post=22"}],"version-history":[{"count":4,"href":"https:\/\/ba-casino-online.com\/sv\/wp-json\/wp\/v2\/pages\/22\/revisions"}],"predecessor-version":[{"id":109,"href":"https:\/\/ba-casino-online.com\/sv\/wp-json\/wp\/v2\/pages\/22\/revisions\/109"}],"wp:attachment":[{"href":"https:\/\/ba-casino-online.com\/sv\/wp-json\/wp\/v2\/media?parent=22"}],"curies":[{"name":"wp","href":"https:\/\/api.w.org\/{rel}","templated":true}]}}